{"id":1452,"date":"2023-05-05T18:33:28","date_gmt":"2023-05-05T18:33:28","guid":{"rendered":"https:\/\/handcraftcool.com\/?page_id=1452"},"modified":"2025-12-27T13:16:36","modified_gmt":"2025-12-27T13:16:36","slug":"about","status":"publish","type":"page","link":"https:\/\/handcraftcool.com\/de\/about\/","title":{"rendered":"Um"},"content":{"rendered":"<!--advertisement--><div class=\"mx-5 sm:mx-0 sm:text-3xl text-2xl font-medium title-font mb-4 text-gray-900 text-left\">\n<h2 class=\"wp-block-heading\" id=\"h-about-handcraft-cool\">\u00dcber Handarbeit Cool<\/h2>\n<\/div><div class=\"mx-5 sm:mx-0 prose leading-relaxed text-lg mb-5 text-left wp-paragraph\">\n<p>Handcraft Cool ist Ihre zuverl\u00e4ssige Quelle, um Hobbys, kreative Aktivit\u00e4ten und digitale Unterhaltung \u00fcbersichtlich und einfach zu entdecken. Wir ver\u00f6ffentlichen praktische Inhalte \u00fcber mobile Apps, Gelegenheitsspiele, DIY-Ideen und kreative Projekte und helfen Ihnen so, neue Interessen zu entdecken und fundierte Entscheidungen zu treffen \u2013 ganz ohne unn\u00f6tige Komplexit\u00e4t.<\/p>\n<\/div><div class=\"mx-5 sm:mx-0 prose leading-relaxed text-lg mb-5 text-left wp-paragraph\">\n<p>In einer Welt voller Apps, Spiele und kreativer Trends kann man leicht den \u00dcberblick verlieren. Hier setzt Handcraft Cool an. Wir erkl\u00e4ren Themen wie App-Funktionen, die Spielmechaniken von Casual Games und leicht zug\u00e4ngliche Bastelideen verst\u00e4ndlich und bieten klare Erkl\u00e4rungen, damit Sie Ihre Freizeit unbeschwert und mit realistischen Erwartungen genie\u00dfen k\u00f6nnen.<\/p>\n<\/div><div class=\"mx-5 sm:mx-0 prose leading-relaxed text-lg mb-5 text-left wp-paragraph\">\n<p>Wir teilen zwar Informationen \u00fcber Apps, Spiele und kreative Plattformen, sind aber weder Entwickler noch Verk\u00e4ufer. Wir bieten keine personalisierten Empfehlungen, kommerzielle Beratung oder direkten Support an. Unsere Aufgabe ist es, zu informieren, zu erkl\u00e4ren und zu vergleichen \u2013 niemals Produkte oder Dienstleistungen zu bewerben oder zu verwalten.<\/p>\n<\/div><!--advertisement--><div class=\"mx-5 sm:mx-0 sm:text-3xl text-2xl font-medium title-font mb-4 text-gray-900 text-left\">\n<h2 class=\"wp-block-heading\" id=\"h-our-mission\">Unsere Mission<\/h2>\n<\/div><div class=\"mx-5 sm:mx-0 prose leading-relaxed text-lg mb-5 text-left wp-paragraph\">\n<p>Unsere Mission ist es, n\u00fctzliche und transparente Inhalte f\u00fcr alle bereitzustellen, die sich entspannen, etwas Neues lernen oder kreative Hobbys auf einfache und unterhaltsame Weise entdecken m\u00f6chten. Egal, ob Sie verstehen m\u00f6chten, wie eine App funktioniert, ein neues Gelegenheitsspiel ausprobieren oder eine praktische Bastelidee kennenlernen m\u00f6chten \u2013 Handcraft Cool bietet Ihnen hilfreiche Anleitungen in klarer und verst\u00e4ndlicher Sprache.<\/p>\n<\/div><div class=\"mx-5 sm:mx-0 prose leading-relaxed text-lg mb-5 text-left wp-paragraph\">\n<p>Wir arbeiten mit recherchierten und gepr\u00fcften Informationen und vermeiden \u00fcbertriebene Behauptungen, irref\u00fchrende Versprechungen oder versteckte Interessen. Unser Ziel ist es, Ihnen Ihre M\u00f6glichkeiten verst\u00e4ndlicher zu machen und Inhalte anzubieten, die Ihren tats\u00e4chlichen Interessen und Ihrer allt\u00e4glichen Kreativit\u00e4t entsprechen \u2013 ohne unn\u00f6tige Fachbegriffe oder verwirrende Erkl\u00e4rungen.<\/p>\n<\/div><!--advertisement--><div class=\"mx-5 sm:mx-0 sm:text-3xl text-2xl font-medium title-font mb-4 text-gray-900 text-left\">\n<h2 class=\"wp-block-heading\" id=\"h-what-you-ll-find-here\">Was Sie hier finden<\/h2>\n<\/div><div class=\"mx-5 sm:mx-0 prose leading-relaxed text-lg mb-5 text-left wp-paragraph\">\n<p>Wir strukturieren unsere Inhalte nach den tats\u00e4chlichen Interessen unserer Leser und bieten leicht zug\u00e4ngliche Ressourcen f\u00fcr verschiedene Momente der Freizeit und Kreativit\u00e4t:<\/p>\n<\/div><div class=\"mx-5 sm:mx-0 prose leading-relaxed text-lg mb-5 text-left wp-paragraph\">\n<p>\ud83d\udd39 <strong>Apps und digitale Tools<\/strong><br>Verst\u00e4ndliche Erkl\u00e4rungen zu n\u00fctzlichen Apps, kreativen Tools und praktischen Alltagshelfern. Wir heben wichtige Funktionen, Anwendungsf\u00e4lle und Einschr\u00e4nkungen hervor, damit Sie entscheiden k\u00f6nnen, was sich lohnt auszuprobieren.<\/p>\n<\/div><div class=\"mx-5 sm:mx-0 prose leading-relaxed text-lg mb-5 text-left wp-paragraph\">\n<p>\ud83d\udd39 <strong>Gelegenheitsspiele und Unterhaltung<\/strong><br>Einfache \u00dcbersichten \u00fcber Gelegenheits- und Handyspiele, die erkl\u00e4ren, wie sie funktionieren, was man erwarten kann und warum sie unterhaltsam oder entspannend sein k\u00f6nnen.<\/p>\n<\/div><div class=\"mx-5 sm:mx-0 prose leading-relaxed text-lg mb-5 text-left wp-paragraph\">\n<p>\ud83d\udd39 <strong>Bastel- und DIY-Ideen<\/strong><br>Leicht verst\u00e4ndliche Inhalte mit Fokus auf handgemachte Projekte, kreative Hobbys und einfache DIY-Aktivit\u00e4ten, die eher dem Vergn\u00fcgen als der Perfektion dienen.<\/p>\n<\/div><div class=\"mx-5 sm:mx-0 prose leading-relaxed text-lg mb-5 text-left wp-paragraph\">\n<p>\ud83d\udd39 <strong>Aktualisierungen und Trends<\/strong><br>Relevante Aktualisierungen zu beliebten Apps, Spielen, Kreativplattformen und Hobbytrends, die Auswirkungen auf deren Nutzung oder Genuss haben k\u00f6nnten.<\/p>\n<\/div><!--advertisement--><div class=\"mx-5 sm:mx-0 sm:text-3xl text-2xl font-medium title-font mb-4 text-gray-900 text-left\">\n<h2 class=\"wp-block-heading\" id=\"h-our-approach\">Unser Ansatz<\/h2>\n<\/div><div class=\"mx-5 sm:mx-0 prose leading-relaxed text-lg mb-5 text-left wp-paragraph\">\n<p>Handcraft Cool arbeitet unabh\u00e4ngig und legt Wert auf Transparenz, Ehrlichkeit und Genauigkeit. Alle Inhalte werden von unserem internen Team auf Basis von Recherchen, offiziellen Quellen und praktischen Beobachtungen erstellt. Wir nehmen keine Zahlungen f\u00fcr die Bewerbung von Apps, Spielen oder Produkten an und trennen redaktionelle Inhalte klar von Werbung.<\/p>\n<\/div><div class=\"mx-5 sm:mx-0 prose leading-relaxed text-lg mb-5 text-left wp-paragraph\">\n<p>Wir sind \u00fcberzeugt, dass Hobby- und Kreativinhalte f\u00fcr jeden zug\u00e4nglich, ehrlich und unterhaltsam sein sollten. Deshalb erstellen wir Material sowohl f\u00fcr Einsteiger, die neue Interessen entdecken m\u00f6chten, als auch f\u00fcr erfahrene Leser, die nach neuen Ideen oder einem besseren Verst\u00e4ndnis suchen.<\/p>\n<\/div><div class=\"mx-5 sm:mx-0 prose leading-relaxed text-lg mb-5 text-left wp-paragraph\">\n<p>Handcraft Cool m\u00f6chte Sie bei Ihren kreativen Entscheidungen informieren und unterst\u00fctzen \u2013 ohne \u00dcbertreibungen, Druck oder falsche Versprechungen. Unser Ziel ist es, Ihnen klare, verantwortungsvolle und hilfreiche Inhalte zu bieten, damit Sie Ihre Hobbys unbeschwert und mit Zuversicht genie\u00dfen k\u00f6nnen.<\/p>\n<\/div>","protected":false},"excerpt":{"rendered":"<p>\u00dcber Handcraft Cool: Handcraft Cool ist Ihre zuverl\u00e4ssige Quelle, um Hobbys, kreative Aktivit\u00e4ten und digitale Unterhaltung \u00fcbersichtlich und einfach zu entdecken. Wir ver\u00f6ffentlichen praktische Inhalte \u00fcber mobile Apps, Gelegenheitsspiele, DIY-Ideen und kreative Projekte und helfen unseren Lesern so, neue Interessen zu entdecken und fundierte Entscheidungen zu treffen \u2013 ganz ohne unn\u00f6tige Komplexit\u00e4t. In einer Welt voller unz\u00e4hliger Apps und Spiele\u2026 <a class=\"more-link\" href=\"https:\/\/handcraftcool.com\/de\/about\/\">Weiterlesen <span class=\"screen-reader-text\">Um<\/span><\/a><\/p>","protected":false},"author":5,"featured_media":0,"parent":0,"menu_order":0,"comment_status":"closed","ping_status":"closed","template":"","meta":[],"yoast_head":"<!-- This site is optimized with the Yoast SEO Premium plugin v18.7 (Yoast SEO v19.1) - https:\/\/yoast.com\/wordpress\/plugins\/seo\/ -->\n<title>About - Handcraft Cool<\/title>\n<meta name=\"robots\" content=\"index, follow, max-snippet:-1, max-image-preview:large, max-video-preview:-1\" \/>\n<link rel=\"canonical\" href=\"https:\/\/handcraftcool.com\/de\/about\/\" \/>\n<meta property=\"og:locale\" content=\"de_DE\" \/>\n<meta property=\"og:type\" content=\"article\" \/>\n<meta property=\"og:title\" content=\"About\" \/>\n<meta property=\"og:description\" content=\"About Handcraft Cool Handcraft Cool is your reliable source for discovering hobbies, creative activities, and digital entertainment with clarity and ease. We publish practical content about mobile apps, casual games, DIY ideas, and creative projects, helping readers explore new interests and make informed choices without unnecessary complexity. In a world filled with endless apps, games,&hellip; Continue reading About\" \/>\n<meta property=\"og:url\" content=\"https:\/\/handcraftcool.com\/de\/about\/\" \/>\n<meta property=\"og:site_name\" content=\"Handcraft Cool\" \/>\n<meta property=\"article:modified_time\" content=\"2025-12-27T13:16:36+00:00\" \/>\n<meta name=\"twitter:card\" content=\"summary_large_image\" \/>\n<meta name=\"twitter:label1\" content=\"Est. reading time\" \/>\n\t<meta name=\"twitter:data1\" content=\"2 Minuten\" \/>\n<script type=\"application\/ld+json\" class=\"yoast-schema-graph\">{\"@context\":\"https:\/\/schema.org\",\"@graph\":[{\"@type\":\"WebSite\",\"@id\":\"https:\/\/handcraftcool.com\/#website\",\"url\":\"https:\/\/handcraftcool.com\/\",\"name\":\"Handcraft Cool\",\"description\":\"\",\"potentialAction\":[{\"@type\":\"SearchAction\",\"target\":{\"@type\":\"EntryPoint\",\"urlTemplate\":\"https:\/\/handcraftcool.com\/?s={search_term_string}\"},\"query-input\":\"required name=search_term_string\"}],\"inLanguage\":\"de-CH\"},{\"@type\":\"WebPage\",\"@id\":\"https:\/\/handcraftcool.com\/about\/#webpage\",\"url\":\"https:\/\/handcraftcool.com\/about\/\",\"name\":\"About - Handcraft Cool\",\"isPartOf\":{\"@id\":\"https:\/\/handcraftcool.com\/#website\"},\"datePublished\":\"2023-05-05T18:33:28+00:00\",\"dateModified\":\"2025-12-27T13:16:36+00:00\",\"breadcrumb\":{\"@id\":\"https:\/\/handcraftcool.com\/about\/#breadcrumb\"},\"inLanguage\":\"de-CH\",\"potentialAction\":[{\"@type\":\"ReadAction\",\"target\":[\"https:\/\/handcraftcool.com\/about\/\"]}]},{\"@type\":\"BreadcrumbList\",\"@id\":\"https:\/\/handcraftcool.com\/about\/#breadcrumb\",\"itemListElement\":[{\"@type\":\"ListItem\",\"position\":1,\"name\":\"Home\",\"item\":\"https:\/\/handcraftcool.com\/\"},{\"@type\":\"ListItem\",\"position\":2,\"name\":\"About\"}]}]}<\/script>\n<!-- \/ Yoast SEO Premium plugin. -->","yoast_head_json":{"title":"About - Handcraft Cool","robots":{"index":"index","follow":"follow","max-snippet":"max-snippet:-1","max-image-preview":"max-image-preview:large","max-video-preview":"max-video-preview:-1"},"canonical":"https:\/\/handcraftcool.com\/de\/about\/","og_locale":"de_DE","og_type":"article","og_title":"About","og_description":"About Handcraft Cool Handcraft Cool is your reliable source for discovering hobbies, creative activities, and digital entertainment with clarity and ease. We publish practical content about mobile apps, casual games, DIY ideas, and creative projects, helping readers explore new interests and make informed choices without unnecessary complexity. In a world filled with endless apps, games,&hellip; Continue reading About","og_url":"https:\/\/handcraftcool.com\/de\/about\/","og_site_name":"Handcraft Cool","article_modified_time":"2025-12-27T13:16:36+00:00","twitter_card":"summary_large_image","twitter_misc":{"Est. reading time":"2 Minuten"},"schema":{"@context":"https:\/\/schema.org","@graph":[{"@type":"WebSite","@id":"https:\/\/handcraftcool.com\/#website","url":"https:\/\/handcraftcool.com\/","name":"Handcraft Cool","description":"","potentialAction":[{"@type":"SearchAction","target":{"@type":"EntryPoint","urlTemplate":"https:\/\/handcraftcool.com\/?s={search_term_string}"},"query-input":"required name=search_term_string"}],"inLanguage":"de-CH"},{"@type":"WebPage","@id":"https:\/\/handcraftcool.com\/about\/#webpage","url":"https:\/\/handcraftcool.com\/about\/","name":"About - Handcraft Cool","isPartOf":{"@id":"https:\/\/handcraftcool.com\/#website"},"datePublished":"2023-05-05T18:33:28+00:00","dateModified":"2025-12-27T13:16:36+00:00","breadcrumb":{"@id":"https:\/\/handcraftcool.com\/about\/#breadcrumb"},"inLanguage":"de-CH","potentialAction":[{"@type":"ReadAction","target":["https:\/\/handcraftcool.com\/about\/"]}]},{"@type":"BreadcrumbList","@id":"https:\/\/handcraftcool.com\/about\/#breadcrumb","itemListElement":[{"@type":"ListItem","position":1,"name":"Home","item":"https:\/\/handcraftcool.com\/"},{"@type":"ListItem","position":2,"name":"About"}]}]}},"_links":{"self":[{"href":"https:\/\/handcraftcool.com\/de\/wp-json\/wp\/v2\/pages\/1452"}],"collection":[{"href":"https:\/\/handcraftcool.com\/de\/wp-json\/wp\/v2\/pages"}],"about":[{"href":"https:\/\/handcraftcool.com\/de\/wp-json\/wp\/v2\/types\/page"}],"author":[{"embeddable":true,"href":"https:\/\/handcraftcool.com\/de\/wp-json\/wp\/v2\/users\/5"}],"replies":[{"embeddable":true,"href":"https:\/\/handcraftcool.com\/de\/wp-json\/wp\/v2\/comments?post=1452"}],"version-history":[{"count":0,"href":"https:\/\/handcraftcool.com\/de\/wp-json\/wp\/v2\/pages\/1452\/revisions"}],"wp:attachment":[{"href":"https:\/\/handcraftcool.com\/de\/wp-json\/wp\/v2\/media?parent=1452"}],"curies":[{"name":"wp","href":"https:\/\/api.w.org\/{rel}","templated":true}]}}